{"id":7276,"date":"2023-08-02T18:59:49","date_gmt":"2023-08-02T16:59:49","guid":{"rendered":"https:\/\/thebrowbar.ch\/willkommen"},"modified":"2025-01-04T14:45:11","modified_gmt":"2025-01-04T13:45:11","slug":"willkommen","status":"publish","type":"page","link":"https:\/\/thebrowbar.ch\/de","title":{"rendered":"Willkommen"},"content":{"rendered":"<div class=\"row\">\n<div class=\"col-md-12 text-center\">\n<h3 class=\"highlight\" style=\"text-align: center;\">Port du masque obligatoire! *<\/h3>\n<p><small>*Pourquoi obligatoire? Afin de pouvoir accueillir la client\u00e8le de mani\u00e8re optimale, nous sommes dans l\u2019obligation de demander \u00e0 toutes nos clientes et employ\u00e9es de porter un masque de protection. Effectivement, comme pour bon nombre d\u2019activit\u00e9s, lorsqu\u2019une distance de 2m. ne peut \u00eatre respect\u00e9e entre clientes et employ\u00e9es, le port du masque devient obligatoire, comme pour le coiffeur par exemple. Merci d\u2019avance de vous munir d\u2019un masque et de le mettre avant d\u2019entrer en magasin ou d\u2019en acheter un lors de votre arriv\u00e9e au prix de <strong>1.- fr.<\/strong> Cette mesure est une obligation \u00e0 laquelle nous ne pouvons d\u00e9roger et nous nous excusons d\u2019avance pour les d\u00e9sagr\u00e9ments engendr\u00e9s.<\/small><\/p>\n<p><a href=\"\/?page_id=9306\">D\u00e9couvrez nos mesures de protection en magasin<\/a><\/p>\n<\/div>\n<\/div>\n","protected":false},"excerpt":{"rendered":"<p>Port du masque obligatoire! * *Pourquoi obligatoire? Afin de pouvoir accueillir la client\u00e8le de mani\u00e8re optimale, nous sommes dans l\u2019obligation de demander \u00e0 toutes nos clientes et employ\u00e9es de porter un masque de protection. Effectivement, comme pour bon nombre d\u2019activit\u00e9s, lorsqu\u2019une distance de 2m. ne peut \u00eatre respect\u00e9e entre clientes et employ\u00e9es, le port du &hellip; <a href=\"https:\/\/thebrowbar.ch\/de\">Continued<\/a><\/p>\n","protected":false},"author":1,"featured_media":7661,"parent":0,"menu_order":0,"comment_status":"closed","ping_status":"closed","template":"fw-template-frontpage-2023.php","meta":{"_acf_changed":false,"_et_pb_use_builder":"","_et_pb_old_content":"","_et_gb_content_width":"","jetpack_post_was_ever_published":false,"footnotes":""},"class_list":["post-7276","page","type-page","status-publish","has-post-thumbnail","hentry"],"acf":[],"yoast_head":"<!-- This site is optimized with the Yoast SEO plugin v27.5 - https:\/\/yoast.com\/product\/yoast-seo-wordpress\/ -->\n<title>Willkommen - The BROW Bar<\/title>\n<meta name=\"robots\" content=\"index, follow, max-snippet:-1, max-image-preview:large, max-video-preview:-1\" \/>\n<link rel=\"canonical\" href=\"https:\/\/thebrowbar.ch\/de\" \/>\n<meta property=\"og:locale\" content=\"de_DE\" \/>\n<meta property=\"og:type\" content=\"article\" \/>\n<meta property=\"og:title\" content=\"Willkommen - The BROW Bar\" \/>\n<meta property=\"og:description\" content=\"Port du masque obligatoire! * *Pourquoi obligatoire? Afin de pouvoir accueillir la client\u00e8le de mani\u00e8re optimale, nous sommes dans l\u2019obligation de demander \u00e0 toutes nos clientes et employ\u00e9es de porter un masque de protection. Effectivement, comme pour bon nombre d\u2019activit\u00e9s, lorsqu\u2019une distance de 2m. ne peut \u00eatre respect\u00e9e entre clientes et employ\u00e9es, le port du &hellip; Continued\" \/>\n<meta property=\"og:url\" content=\"https:\/\/thebrowbar.ch\/de\" \/>\n<meta property=\"og:site_name\" content=\"The BROW Bar\" \/>\n<meta property=\"article:modified_time\" content=\"2025-01-04T13:45:11+00:00\" \/>\n<meta property=\"og:image\" content=\"https:\/\/thebrowbar.ch\/wp-content\/uploads\/2024\/12\/the-brow-bar-eyelashes-extensions.jpg\" \/>\n\t<meta property=\"og:image:width\" content=\"1600\" \/>\n\t<meta property=\"og:image:height\" content=\"960\" \/>\n\t<meta property=\"og:image:type\" content=\"image\/jpeg\" \/>\n<meta name=\"twitter:card\" content=\"summary_large_image\" \/>\n<meta name=\"twitter:label1\" content=\"Gesch\u00e4tzte Lesezeit\" \/>\n\t<meta name=\"twitter:data1\" content=\"4\u00a0Minuten\" \/>\n<script type=\"application\/ld+json\" class=\"yoast-schema-graph\">{\"@context\":\"https:\\\/\\\/schema.org\",\"@graph\":[{\"@type\":\"WebPage\",\"@id\":\"https:\\\/\\\/thebrowbar.ch\\\/de\",\"url\":\"https:\\\/\\\/thebrowbar.ch\\\/de\",\"name\":\"Willkommen - The BROW Bar\",\"isPartOf\":{\"@id\":\"https:\\\/\\\/thebrowbar.ch\\\/de#website\"},\"primaryImageOfPage\":{\"@id\":\"https:\\\/\\\/thebrowbar.ch\\\/de#primaryimage\"},\"image\":{\"@id\":\"https:\\\/\\\/thebrowbar.ch\\\/de#primaryimage\"},\"thumbnailUrl\":\"https:\\\/\\\/i0.wp.com\\\/thebrowbar.ch\\\/wp-content\\\/uploads\\\/2024\\\/12\\\/the-brow-bar-eyelashes-extensions.jpg?fit=1600%2C960&ssl=1\",\"datePublished\":\"2023-08-02T16:59:49+00:00\",\"dateModified\":\"2025-01-04T13:45:11+00:00\",\"breadcrumb\":{\"@id\":\"https:\\\/\\\/thebrowbar.ch\\\/de#breadcrumb\"},\"inLanguage\":\"de\",\"potentialAction\":[{\"@type\":\"ReadAction\",\"target\":[\"https:\\\/\\\/thebrowbar.ch\\\/de\"]}]},{\"@type\":\"ImageObject\",\"inLanguage\":\"de\",\"@id\":\"https:\\\/\\\/thebrowbar.ch\\\/de#primaryimage\",\"url\":\"https:\\\/\\\/i0.wp.com\\\/thebrowbar.ch\\\/wp-content\\\/uploads\\\/2024\\\/12\\\/the-brow-bar-eyelashes-extensions.jpg?fit=1600%2C960&ssl=1\",\"contentUrl\":\"https:\\\/\\\/i0.wp.com\\\/thebrowbar.ch\\\/wp-content\\\/uploads\\\/2024\\\/12\\\/the-brow-bar-eyelashes-extensions.jpg?fit=1600%2C960&ssl=1\",\"width\":1600,\"height\":960},{\"@type\":\"BreadcrumbList\",\"@id\":\"https:\\\/\\\/thebrowbar.ch\\\/de#breadcrumb\",\"itemListElement\":[{\"@type\":\"ListItem\",\"position\":1,\"name\":\"Accueil\",\"item\":\"https:\\\/\\\/thebrowbar.ch\\\/de\"},{\"@type\":\"ListItem\",\"position\":2,\"name\":\"Willkommen\"}]},{\"@type\":\"WebSite\",\"@id\":\"https:\\\/\\\/thebrowbar.ch\\\/de#website\",\"url\":\"https:\\\/\\\/thebrowbar.ch\\\/de\",\"name\":\"The BROW Bar\",\"description\":\"Structurez votre Regard\",\"potentialAction\":[{\"@type\":\"SearchAction\",\"target\":{\"@type\":\"EntryPoint\",\"urlTemplate\":\"https:\\\/\\\/thebrowbar.ch\\\/de?s={search_term_string}\"},\"query-input\":{\"@type\":\"PropertyValueSpecification\",\"valueRequired\":true,\"valueName\":\"search_term_string\"}}],\"inLanguage\":\"de\"}]}<\/script>\n<!-- \/ Yoast SEO plugin. -->","yoast_head_json":{"title":"Willkommen - The BROW Bar","robots":{"index":"index","follow":"follow","max-snippet":"max-snippet:-1","max-image-preview":"max-image-preview:large","max-video-preview":"max-video-preview:-1"},"canonical":"https:\/\/thebrowbar.ch\/de","og_locale":"de_DE","og_type":"article","og_title":"Willkommen - The BROW Bar","og_description":"Port du masque obligatoire! * *Pourquoi obligatoire? Afin de pouvoir accueillir la client\u00e8le de mani\u00e8re optimale, nous sommes dans l\u2019obligation de demander \u00e0 toutes nos clientes et employ\u00e9es de porter un masque de protection. Effectivement, comme pour bon nombre d\u2019activit\u00e9s, lorsqu\u2019une distance de 2m. ne peut \u00eatre respect\u00e9e entre clientes et employ\u00e9es, le port du &hellip; Continued","og_url":"https:\/\/thebrowbar.ch\/de","og_site_name":"The BROW Bar","article_modified_time":"2025-01-04T13:45:11+00:00","og_image":[{"width":1600,"height":960,"url":"https:\/\/thebrowbar.ch\/wp-content\/uploads\/2024\/12\/the-brow-bar-eyelashes-extensions.jpg","type":"image\/jpeg"}],"twitter_card":"summary_large_image","twitter_misc":{"Gesch\u00e4tzte Lesezeit":"4\u00a0Minuten"},"schema":{"@context":"https:\/\/schema.org","@graph":[{"@type":"WebPage","@id":"https:\/\/thebrowbar.ch\/de","url":"https:\/\/thebrowbar.ch\/de","name":"Willkommen - The BROW Bar","isPartOf":{"@id":"https:\/\/thebrowbar.ch\/de#website"},"primaryImageOfPage":{"@id":"https:\/\/thebrowbar.ch\/de#primaryimage"},"image":{"@id":"https:\/\/thebrowbar.ch\/de#primaryimage"},"thumbnailUrl":"https:\/\/i0.wp.com\/thebrowbar.ch\/wp-content\/uploads\/2024\/12\/the-brow-bar-eyelashes-extensions.jpg?fit=1600%2C960&ssl=1","datePublished":"2023-08-02T16:59:49+00:00","dateModified":"2025-01-04T13:45:11+00:00","breadcrumb":{"@id":"https:\/\/thebrowbar.ch\/de#breadcrumb"},"inLanguage":"de","potentialAction":[{"@type":"ReadAction","target":["https:\/\/thebrowbar.ch\/de"]}]},{"@type":"ImageObject","inLanguage":"de","@id":"https:\/\/thebrowbar.ch\/de#primaryimage","url":"https:\/\/i0.wp.com\/thebrowbar.ch\/wp-content\/uploads\/2024\/12\/the-brow-bar-eyelashes-extensions.jpg?fit=1600%2C960&ssl=1","contentUrl":"https:\/\/i0.wp.com\/thebrowbar.ch\/wp-content\/uploads\/2024\/12\/the-brow-bar-eyelashes-extensions.jpg?fit=1600%2C960&ssl=1","width":1600,"height":960},{"@type":"BreadcrumbList","@id":"https:\/\/thebrowbar.ch\/de#breadcrumb","itemListElement":[{"@type":"ListItem","position":1,"name":"Accueil","item":"https:\/\/thebrowbar.ch\/de"},{"@type":"ListItem","position":2,"name":"Willkommen"}]},{"@type":"WebSite","@id":"https:\/\/thebrowbar.ch\/de#website","url":"https:\/\/thebrowbar.ch\/de","name":"The BROW Bar","description":"Structurez votre Regard","potentialAction":[{"@type":"SearchAction","target":{"@type":"EntryPoint","urlTemplate":"https:\/\/thebrowbar.ch\/de?s={search_term_string}"},"query-input":{"@type":"PropertyValueSpecification","valueRequired":true,"valueName":"search_term_string"}}],"inLanguage":"de"}]}},"jetpack_sharing_enabled":true,"jetpack_shortlink":"https:\/\/wp.me\/P7TuRO-1Tm","jetpack-related-posts":[],"publishpress_future_workflow_manual_trigger":{"enabledWorkflows":[]},"_links":{"self":[{"href":"https:\/\/thebrowbar.ch\/de\/wp-json\/wp\/v2\/pages\/7276","targetHints":{"allow":["GET"]}}],"collection":[{"href":"https:\/\/thebrowbar.ch\/de\/wp-json\/wp\/v2\/pages"}],"about":[{"href":"https:\/\/thebrowbar.ch\/de\/wp-json\/wp\/v2\/types\/page"}],"author":[{"embeddable":true,"href":"https:\/\/thebrowbar.ch\/de\/wp-json\/wp\/v2\/users\/1"}],"replies":[{"embeddable":true,"href":"https:\/\/thebrowbar.ch\/de\/wp-json\/wp\/v2\/comments?post=7276"}],"version-history":[{"count":10,"href":"https:\/\/thebrowbar.ch\/de\/wp-json\/wp\/v2\/pages\/7276\/revisions"}],"predecessor-version":[{"id":7681,"href":"https:\/\/thebrowbar.ch\/de\/wp-json\/wp\/v2\/pages\/7276\/revisions\/7681"}],"wp:featuredmedia":[{"embeddable":true,"href":"https:\/\/thebrowbar.ch\/de\/wp-json\/wp\/v2\/media\/7661"}],"wp:attachment":[{"href":"https:\/\/thebrowbar.ch\/de\/wp-json\/wp\/v2\/media?parent=7276"}],"curies":[{"name":"wp","href":"https:\/\/api.w.org\/{rel}","templated":true}]}}