{"id":7403,"date":"2023-08-03T20:11:50","date_gmt":"2023-08-03T18:11:50","guid":{"rendered":"https:\/\/thebrowbar.ch\/the-menu\/brow-lift"},"modified":"2023-08-03T20:11:55","modified_gmt":"2023-08-03T18:11:55","slug":"brow-lift","status":"publish","type":"page","link":"https:\/\/thebrowbar.ch\/de\/the-menu\/brow-lift","title":{"rendered":"Brow Lift"},"content":{"rendered":"<p>[et_pb_section fb_built=&#8220;1&#8243; _builder_version=&#8220;4.16&#8243; background_color=&#8220;rgba(0,0,0,0)&#8220; width=&#8220;100%&#8220; width_tablet=&#8220;&#8220; width_phone=&#8220;100vw&#8220; width_last_edited=&#8220;on|phone&#8220; max_width=&#8220;100vw&#8220; module_alignment=&#8220;center&#8220; custom_margin=&#8220;0px|0px|0px|0px|true|true&#8220; custom_padding=&#8220;0px|0px|0px|0px|true|true&#8220; global_colors_info=&#8220;{}&#8220; custom_css_main_element_last_edited=&#8220;on|phone&#8220; custom_css_main_element_phone=&#8220;left:-30px;&#8220;][et_pb_row use_custom_gutter=&#8220;on&#8220; gutter_width=&#8220;1&#8243; custom_padding_last_edited=&#8220;on|phone&#8220; _builder_version=&#8220;4.16&#8243; background_size=&#8220;initial&#8220; background_position=&#8220;top_left&#8220; background_repeat=&#8220;repeat&#8220; width_tablet=&#8220;&#8220; width_phone=&#8220;100vw&#8220; width_last_edited=&#8220;on|phone&#8220; max_width_tablet=&#8220;&#8220; max_width_phone=&#8220;100vw&#8220; max_width_last_edited=&#8220;on|phone&#8220; module_alignment=&#8220;center&#8220; custom_margin=&#8220;|||||true&#8220; custom_margin_tablet=&#8220;&#8220; custom_margin_phone=&#8220;|0px||0px|false|true&#8220; custom_margin_last_edited=&#8220;on|phone&#8220; custom_padding_tablet=&#8220;&#8220; custom_padding_phone=&#8220;|0px||0px|false|true&#8220; global_colors_info=&#8220;{}&#8220;][et_pb_column type=&#8220;4_4&#8243; _builder_version=&#8220;4.16&#8243; custom_padding=&#8220;|||&#8220; custom_padding_tablet=&#8220;&#8220; custom_padding_phone=&#8220;|0px||0px|true|true&#8220; custom_padding_last_edited=&#8220;on|phone&#8220; global_colors_info=&#8220;{}&#8220; custom_padding__hover=&#8220;|||&#8220;][et_pb_testimonial quote_icon_color=&#8220;rgba(0,0,0,0)&#8220; quote_icon_background_color=&#8220;rgba(0,0,0,0)&#8220; portrait_width=&#8220;0px&#8220; portrait_height=&#8220;0px&#8220; _builder_version=&#8220;4.21.2&#8243; _module_preset=&#8220;default&#8220; body_font=&#8220;||on||||||&#8220; body_text_color=&#8220;#451200&#8243; body_link_font=&#8220;||||on||||&#8220; background_color=&#8220;rgba(255,117,31,0.25)&#8220; transform_scale_tablet=&#8220;&#8220; transform_scale_phone=&#8220;&#8220; transform_scale_last_edited=&#8220;on|phone&#8220; transform_translate_tablet=&#8220;&#8220; transform_translate_phone=&#8220;&#8220; transform_translate_last_edited=&#8220;on|phone&#8220; transform_rotate_tablet=&#8220;&#8220; transform_rotate_phone=&#8220;&#8220; transform_rotate_last_edited=&#8220;on|phone&#8220; transform_skew=&#8220;-1.5deg|-0.25deg&#8220; transform_skew_tablet=&#8220;&#8220; transform_skew_phone=&#8220;0deg|0deg&#8220; transform_skew_last_edited=&#8220;on|phone&#8220; transform_skew_linked=&#8220;off&#8220; transform_origin_tablet=&#8220;&#8220; transform_origin_phone=&#8220;&#8220; transform_origin_last_edited=&#8220;on|phone&#8220; transform_styles_last_edited=&#8220;on|phone&#8220; text_orientation=&#8220;center&#8220; width_tablet=&#8220;&#8220; width_phone=&#8220;100vw&#8220; width_last_edited=&#8220;on|phone&#8220; transform_styles_tablet=&#8220;&#8220; transform_styles_phone=&#8220;&#8220; global_colors_info=&#8220;{}&#8220; custom_css_main_element_last_edited=&#8220;on|phone&#8220; custom_css_main_element_phone=&#8220;\/*left:-30px;*\/&#8220;]<\/p>\n<h3>Was ist <strong>Brow Lift<\/strong> ?<\/h3>\n<p>Der Name ist verwirrend. <strong>Brow Lift<\/strong> ist kein &#8222;Lifting&#8220;, das Falten im wahrsten Sinne des Wortes gl\u00e4ttet. Bei dieser Methode werden die Augenbrauen verdichtet und angehoben, w\u00e4hrend ihre Bewegung fixiert wird. Im Gegensatz zu der aus Russland stammenden Technik der &#8222;Brow Lamination&#8220; (&#8222;Augenbrauenlaminierung&#8220;) ist <strong>Brow Lift<\/strong> eine sanftere Version, die direkt auf der Haut durchgef\u00fchrt werden kann, ohne dass eine sch\u00fctzende Plastikfolie um das Auge herum angebracht werden muss. Die Haare werden verdichtet und aufgerichtet. Sie wirken voller und volumin\u00f6ser. <strong>Brow Lift<\/strong> ist wie eine Wimpernverl\u00e4ngerung. Die Haare werden bearbeitet, damit sie leichter zu frisieren sind und man sie in jede gew\u00fcnschte Form bringen kann. Eine T\u00f6nung vervollst\u00e4ndigt den Prozess, um die Form der Augenbraue besser zu zeichnen und ihre Farbe zu intensivieren.<\/p>\n<p>Jede Frau, ob br\u00fcnett, blond oder rothaarig, kann <strong>Brow Lift<\/strong> ausprobieren &#8211; und sogar M\u00e4nner, die mit ihren Augenbrauen k\u00e4mpfen. <strong>Brow Lift<\/strong> \u00f6ffnet die Augen und verleiht ihnen neue Frische. Das ist auch f\u00fcr Augenbrauen interessant, die sich nur schwer b\u00fcrsten lassen oder zu steif sind. Sie sollten bereits eine gute Basis f\u00fcr Ihre Augenbrauen haben. Dies ist nichts f\u00fcr Menschen, deren Augenbrauen zu sp\u00e4rlich sind und die die L\u00fccken auff\u00fcllen wollen. In diesem Fall sollten Sie sich eher f\u00fcr eine Technik entscheiden, bei der die Haut t\u00e4towiert wird (<a href=\"https:\/\/fovhbdtgo.preview.infomaniak.website\/de\/the-menu\/microblading\">finden Sie unseren Service <strong>Everblade<\/strong><\/a>).<\/p>\n<p>[\/et_pb_testimonial][\/et_pb_column][\/et_pb_row][et_pb_row _builder_version=&#8220;4.16&#8243; _module_preset=&#8220;default&#8220; custom_margin=&#8220;||0px||false|false&#8220; custom_padding=&#8220;||0px||false|false&#8220; global_colors_info=&#8220;{}&#8220;][et_pb_column type=&#8220;4_4&#8243; _builder_version=&#8220;4.16&#8243; _module_preset=&#8220;default&#8220; global_colors_info=&#8220;{}&#8220;][et_pb_text _builder_version=&#8220;4.16&#8243; _module_preset=&#8220;default&#8220; header_2_text_align=&#8220;center&#8220; header_2_text_color=&#8220;#451200&#8243; header_2_letter_spacing=&#8220;-0.06em&#8220; global_colors_info=&#8220;{}&#8220;]<\/p>\n<h2>2 m\u00f6gliche Effekte<\/h2>\n<p>[\/et_pb_text][\/et_pb_column][\/et_pb_row][et_pb_row column_structure=&#8220;1_2,1_2&#8243; use_custom_gutter=&#8220;on&#8220; gutter_width=&#8220;2&#8243; make_equal=&#8220;on&#8220; custom_padding_last_edited=&#8220;on|phone&#8220; _builder_version=&#8220;4.16&#8243; _module_preset=&#8220;default&#8220; width_tablet=&#8220;&#8220; width_phone=&#8220;100%&#8220; width_last_edited=&#8220;on|phone&#8220; module_alignment=&#8220;center&#8220; custom_margin_tablet=&#8220;&#8220; custom_margin_phone=&#8220;|auto||auto|false|true&#8220; custom_margin_last_edited=&#8220;on|phone&#8220; custom_padding_tablet=&#8220;&#8220; custom_padding_phone=&#8220;|0px||0px|false|true&#8220; global_colors_info=&#8220;{}&#8220;][et_pb_column type=&#8220;1_2&#8243; _builder_version=&#8220;4.16&#8243; _module_preset=&#8220;default&#8220; background_color=&#8220;#FFFFFF&#8220; border_width_all=&#8220;6px&#8220; border_color_all=&#8220;#FFFFFF&#8220; box_shadow_style=&#8220;preset2&#8243; box_shadow_color=&#8220;#ff751f&#8220; global_colors_info=&#8220;{}&#8220;][et_pb_text _builder_version=&#8220;4.16&#8243; _module_preset=&#8220;default&#8220; text_font=&#8220;|600|on||||||&#8220; text_text_color=&#8220;#451200&#8243; header_3_letter_spacing=&#8220;-0.05em&#8220; text_orientation=&#8220;center&#8220; custom_margin_tablet=&#8220;&#8220; custom_margin_phone=&#8220;||15px||false|false&#8220; custom_margin_last_edited=&#8220;on|phone&#8220; custom_padding=&#8220;30px|15px||15px|false|true&#8220; custom_padding_tablet=&#8220;&#8220; custom_padding_phone=&#8220;30px|15px|0px|15px|false|true&#8220; custom_padding_last_edited=&#8220;on|phone&#8220; global_colors_info=&#8220;{}&#8220;]<\/p>\n<h3><strong>Nat\u00fcrlich<\/strong> mit im 45\u00b0-Winkel geb\u00fcrstetem Fell<\/h3>\n<p>[\/et_pb_text][et_pb_image src=&#8220;https:\/\/fovhbdtgo.preview.infomaniak.website\/wp-content\/uploads\/2021\/10\/Brow-Lift-Avant-Apres-45-BIG2.jpg&#8220; title_text=&#8220;Brow-Lift-Avant-Apres-45-BIG2&#8243; force_fullwidth=&#8220;on&#8220; _builder_version=&#8220;4.16&#8243; _module_preset=&#8220;default&#8220; global_colors_info=&#8220;{}&#8220;][\/et_pb_image][\/et_pb_column][et_pb_column type=&#8220;1_2&#8243; _builder_version=&#8220;4.16&#8243; _module_preset=&#8220;default&#8220; background_color=&#8220;#FFFFFF&#8220; border_width_all=&#8220;6px&#8220; border_color_all=&#8220;#FFFFFF&#8220; box_shadow_style=&#8220;preset2&#8243; box_shadow_color=&#8220;#ff751f&#8220; global_colors_info=&#8220;{}&#8220;][et_pb_text _builder_version=&#8220;4.16&#8243; _module_preset=&#8220;default&#8220; text_font=&#8220;|600|on||||||&#8220; text_text_color=&#8220;#451200&#8243; header_3_letter_spacing=&#8220;-0.05em&#8220; text_orientation=&#8220;center&#8220; custom_margin_tablet=&#8220;&#8220; custom_margin_phone=&#8220;||15px||false|false&#8220; custom_margin_last_edited=&#8220;on|phone&#8220; custom_padding=&#8220;30px|15px||15px|false|true&#8220; custom_padding_tablet=&#8220;&#8220; custom_padding_phone=&#8220;||0px||false|true&#8220; custom_padding_last_edited=&#8220;on|phone&#8220; global_colors_info=&#8220;{}&#8220;]<\/p>\n<h3><strong>Sophisticated<\/strong> mit 90\u00b0 geb\u00fcrstetem Fell<\/h3>\n<p>[\/et_pb_text][et_pb_image src=&#8220;https:\/\/fovhbdtgo.preview.infomaniak.website\/wp-content\/uploads\/2021\/10\/Brow-Lift-Avant-Apres-90-BIG2.jpg&#8220; title_text=&#8220;Brow-Lift-Avant-Apres-90-BIG2&#8243; force_fullwidth=&#8220;on&#8220; _builder_version=&#8220;4.16&#8243; _module_preset=&#8220;default&#8220; global_colors_info=&#8220;{}&#8220;][\/et_pb_image][\/et_pb_column][\/et_pb_row][et_pb_row _builder_version=&#8220;4.16&#8243; _module_preset=&#8220;default&#8220; width=&#8220;100%&#8220; module_alignment=&#8220;center&#8220; custom_margin=&#8220;|-15px||-15px|false|true&#8220; custom_padding=&#8220;0px|0px||0px|false|true&#8220; global_colors_info=&#8220;{}&#8220;][et_pb_column type=&#8220;4_4&#8243; _builder_version=&#8220;4.16&#8243; _module_preset=&#8220;default&#8220; global_colors_info=&#8220;{}&#8220;][et_pb_slider _builder_version=&#8220;4.21.2&#8243; _module_preset=&#8220;default&#8220; background_color=&#8220;rgba(0,0,0,0)&#8220; text_orientation=&#8220;left&#8220; width=&#8220;100%&#8220; max_width=&#8220;100%&#8220; custom_margin=&#8220;0px||||false|false&#8220; custom_padding=&#8220;0px|0px||0px|false|true&#8220; animation_style=&#8220;flip&#8220; animation_direction=&#8220;top&#8220; hover_enabled=&#8220;0&#8243; text_shadow_style=&#8220;preset4&#8243; text_shadow_color=&#8220;rgba(0,0,0,0)&#8220; global_colors_info=&#8220;{}&#8220; sticky_enabled=&#8220;0&#8243;][et_pb_slide heading=&#8220;1. Schritt&#8220; image=&#8220;https:\/\/fovhbdtgo.preview.infomaniak.website\/wp-content\/uploads\/2021\/10\/TBB_BrowLift-Icons-etape1.png&#8220; use_bg_overlay=&#8220;off&#8220; use_text_overlay=&#8220;off&#8220; arrows_custom_color=&#8220;#ff751f&#8220; dot_nav_custom_color=&#8220;#ff751f&#8220; image_last_edited=&#8220;off|phone&#8220; _builder_version=&#8220;4.21.2&#8243; _module_preset=&#8220;default&#8220; header_font=&#8220;|600|on||||||&#8220; header_text_color=&#8220;#451200&#8243; header_font_size=&#8220;20px&#8220; body_font=&#8220;||on||||||&#8220; body_text_color=&#8220;#451200&#8243; background_color=&#8220;rgba(0,0,0,0)&#8220; background_enable_color=&#8220;on&#8220; text_orientation=&#8220;left&#8220; width=&#8220;100%&#8220; max_width=&#8220;100%&#8220; custom_padding=&#8220;60px|0px|60px|0px|false|true&#8220; custom_padding_tablet=&#8220;&#8220; custom_padding_phone=&#8220;0px|0px|60px|0px|false|true&#8220; custom_padding_last_edited=&#8220;on|phone&#8220; hover_enabled=&#8220;0&#8243; text_orientation_tablet=&#8220;&#8220; text_orientation_phone=&#8220;center&#8220; text_orientation_last_edited=&#8220;on|phone&#8220; custom_css_slide_image=&#8220;display: block!important;||&#8220; global_colors_info=&#8220;{}&#8220; sticky_transition=&#8220;on&#8220; sticky_enabled=&#8220;0&#8243;]<\/p>\n<p>Eine erste Lotion wird aufgetragen, um die <strong>Nagelhaut zu \u00f6ffnen<\/strong> und <strong>die Haare aufzuweichen<\/strong>.<\/p>\n<p>[\/et_pb_slide][et_pb_slide heading=&#8220;2. Schritt&#8220; image=&#8220;https:\/\/fovhbdtgo.preview.infomaniak.website\/wp-content\/uploads\/2021\/10\/TBB_BrowLift-Icons-etape2.png&#8220; use_bg_overlay=&#8220;off&#8220; use_text_overlay=&#8220;off&#8220; arrows_custom_color=&#8220;#ff751f&#8220; dot_nav_custom_color=&#8220;#ff751f&#8220; _builder_version=&#8220;4.21.2&#8243; _module_preset=&#8220;default&#8220; header_font=&#8220;|600|on||||||&#8220; header_text_color=&#8220;#451200&#8243; header_font_size=&#8220;20px&#8220; body_font=&#8220;||on||||||&#8220; body_text_color=&#8220;#451200&#8243; background_color=&#8220;rgba(0,0,0,0)&#8220; background_enable_color=&#8220;on&#8220; text_orientation=&#8220;left&#8220; width=&#8220;100%&#8220; max_width=&#8220;100%&#8220; custom_padding=&#8220;60px|0px|60px|0px|false|true&#8220; custom_padding_tablet=&#8220;&#8220; custom_padding_phone=&#8220;0px|0px|60px|0px|false|true&#8220; custom_padding_last_edited=&#8220;on|phone&#8220; hover_enabled=&#8220;0&#8243; text_orientation_tablet=&#8220;&#8220; text_orientation_phone=&#8220;center&#8220; text_orientation_last_edited=&#8220;on|desktop&#8220; custom_css_slide_image=&#8220;display: block!important;&#8220; global_colors_info=&#8220;{}&#8220; sticky_transition=&#8220;on&#8220; sticky_enabled=&#8220;0&#8243;]<\/p>\n<p>Besteht darin, zwei Lotionen nacheinander aufzutragen. Die eine dient dazu, die Nagelhaut zu \u00f6ffnen und das Keratin der Haare weicher zu machen. Der andere dient dazu, den ph-Wert der Augenbrauen zu neutralisieren und das Rehausement zu fixieren. Die Einwirkzeit betr\u00e4gt ebenfalls 6 Minuten.<\/p>\n<p>[\/et_pb_slide][et_pb_slide heading=&#8220;3. Schritt&#8220; image=&#8220;https:\/\/fovhbdtgo.preview.infomaniak.website\/wp-content\/uploads\/2021\/10\/TBB_BrowLift-Icons-etape3.png&#8220; use_bg_overlay=&#8220;off&#8220; use_text_overlay=&#8220;off&#8220; arrows_custom_color=&#8220;#ff751f&#8220; dot_nav_custom_color=&#8220;#ff751f&#8220; _builder_version=&#8220;4.21.2&#8243; _module_preset=&#8220;default&#8220; header_font=&#8220;|600|on||||||&#8220; header_text_color=&#8220;#451200&#8243; header_font_size=&#8220;20px&#8220; body_font=&#8220;||on||||||&#8220; body_text_color=&#8220;#451200&#8243; background_color=&#8220;rgba(0,0,0,0)&#8220; background_enable_color=&#8220;on&#8220; text_orientation=&#8220;left&#8220; width=&#8220;100%&#8220; max_width=&#8220;100%&#8220; custom_padding=&#8220;60px|0px|60px|0px|false|true&#8220; custom_padding_tablet=&#8220;&#8220; custom_padding_phone=&#8220;0px|0px|60px|0px|false|true&#8220; custom_padding_last_edited=&#8220;on|phone&#8220; hover_enabled=&#8220;0&#8243; text_orientation_tablet=&#8220;&#8220; text_orientation_phone=&#8220;center&#8220; text_orientation_last_edited=&#8220;on|phone&#8220; custom_css_slide_image=&#8220;display: block!important;&#8220; global_colors_info=&#8220;{}&#8220; sticky_transition=&#8220;on&#8220; sticky_enabled=&#8220;0&#8243;]<\/p>\n<p>Wenn Sie es w\u00fcnschen, wird eine Tinktur genau auf die Augenbrauen aufgetragen, je nach gew\u00fcnschter Intensit\u00e4t bis zu 7 Minuten lang.<\/p>\n<p>[\/et_pb_slide][et_pb_slide heading=&#8220;4. Schritt&#8220; image=&#8220;https:\/\/fovhbdtgo.preview.infomaniak.website\/wp-content\/uploads\/2021\/10\/TBB_BrowLift-Icons-etape4.png&#8220; use_bg_overlay=&#8220;off&#8220; use_text_overlay=&#8220;off&#8220; arrows_custom_color=&#8220;#ff751f&#8220; dot_nav_custom_color=&#8220;#ff751f&#8220; _builder_version=&#8220;4.21.2&#8243; _module_preset=&#8220;default&#8220; header_font=&#8220;|600|on||||||&#8220; header_text_color=&#8220;#451200&#8243; header_font_size=&#8220;20px&#8220; body_font=&#8220;||on||||||&#8220; body_text_color=&#8220;#451200&#8243; background_color=&#8220;rgba(0,0,0,0)&#8220; background_enable_color=&#8220;on&#8220; text_orientation=&#8220;left&#8220; width=&#8220;100%&#8220; max_width=&#8220;100%&#8220; custom_padding=&#8220;60px|0px|60px|0px|false|true&#8220; custom_padding_tablet=&#8220;&#8220; custom_padding_phone=&#8220;0px|0px|60px|0px|false|true&#8220; custom_padding_last_edited=&#8220;on|phone&#8220; hover_enabled=&#8220;0&#8243; text_orientation_tablet=&#8220;&#8220; text_orientation_phone=&#8220;center&#8220; text_orientation_last_edited=&#8220;on|phone&#8220; custom_css_slide_image=&#8220;display: block!important;&#8220; global_colors_info=&#8220;{}&#8220; sticky_transition=&#8220;on&#8220; sticky_enabled=&#8220;0&#8243;]<\/p>\n<p>Schlie\u00dflich wird eine n\u00e4hrende und reparierende Pflege auf die Augenbrauen aufgetragen. Es sorgt auch daf\u00fcr, dass die Nagelhaut der Haare vollst\u00e4ndig geschlossen und gest\u00e4rkt wird. Dieser Schritt sollte nicht vernachl\u00e4ssigt werden, um zu verhindern, dass die Augenbrauen abbrechen oder besch\u00e4digt werden.<\/p>\n<p>[\/et_pb_slide][et_pb_slide heading=&#8220;5. Schritt&#8220; image=&#8220;https:\/\/fovhbdtgo.preview.infomaniak.website\/wp-content\/uploads\/2021\/10\/TBB_BrowLift-Icons-etape5.png&#8220; use_bg_overlay=&#8220;off&#8220; use_text_overlay=&#8220;off&#8220; arrows_custom_color=&#8220;#ff751f&#8220; dot_nav_custom_color=&#8220;#ff751f&#8220; _builder_version=&#8220;4.21.2&#8243; _module_preset=&#8220;default&#8220; header_font=&#8220;|600|on||||||&#8220; header_text_color=&#8220;#451200&#8243; header_font_size=&#8220;20px&#8220; body_font=&#8220;||on||||||&#8220; body_text_color=&#8220;#451200&#8243; background_color=&#8220;rgba(0,0,0,0)&#8220; background_enable_color=&#8220;on&#8220; text_orientation=&#8220;left&#8220; width=&#8220;100%&#8220; max_width=&#8220;100%&#8220; custom_padding=&#8220;60px|0px|60px|0px|false|true&#8220; custom_padding_tablet=&#8220;&#8220; custom_padding_phone=&#8220;0px|0px|60px|0px|false|true&#8220; custom_padding_last_edited=&#8220;on|phone&#8220; hover_enabled=&#8220;0&#8243; text_orientation_tablet=&#8220;&#8220; text_orientation_phone=&#8220;center&#8220; text_orientation_last_edited=&#8220;on|phone&#8220; custom_css_slide_image=&#8220;display: block!important;&#8220; global_colors_info=&#8220;{}&#8220; sticky_transition=&#8220;on&#8220; sticky_enabled=&#8220;0&#8243;]<\/p>\n<p>Die Augenbrauen werden bei Bedarf gezupft, um ein makelloses Ergebnis zu erzielen. Das Zupfen sollte nicht vor dem <strong>Brow Lift<\/strong> Prozess erfolgen, sondern immer danach.<\/p>\n<p>[\/et_pb_slide][\/et_pb_slider][\/et_pb_column][\/et_pb_row][\/et_pb_section]<\/p>\n","protected":false},"excerpt":{"rendered":"<p>Was ist Brow Lift ? Der Name ist verwirrend. Brow&#8230;<\/p>\n","protected":false},"author":1,"featured_media":0,"parent":7300,"menu_order":0,"comment_status":"closed","ping_status":"closed","template":"fw-template-the-menu-brow-lift.php","meta":{"_acf_changed":false,"_et_pb_use_builder":"on","_et_pb_old_content":"","_et_gb_content_width":"","jetpack_post_was_ever_published":false,"footnotes":""},"class_list":["post-7403","page","type-page","status-publish","hentry"],"acf":[],"yoast_head":"<!-- This site is optimized with the Yoast SEO plugin v27.5 - https:\/\/yoast.com\/product\/yoast-seo-wordpress\/ -->\n<title>Brow Lift - The BROW Bar<\/title>\n<meta name=\"robots\" content=\"index, follow, max-snippet:-1, max-image-preview:large, max-video-preview:-1\" \/>\n<link rel=\"canonical\" href=\"https:\/\/thebrowbar.ch\/de\/the-menu\/brow-lift\" \/>\n<meta property=\"og:locale\" content=\"de_DE\" \/>\n<meta property=\"og:type\" content=\"article\" \/>\n<meta property=\"og:title\" content=\"Brow Lift - The BROW Bar\" \/>\n<meta property=\"og:description\" content=\"Was ist Brow Lift ? Der Name ist verwirrend. Brow...\" \/>\n<meta property=\"og:url\" content=\"https:\/\/thebrowbar.ch\/de\/the-menu\/brow-lift\" \/>\n<meta property=\"og:site_name\" content=\"The BROW Bar\" \/>\n<meta property=\"article:modified_time\" content=\"2023-08-03T18:11:55+00:00\" \/>\n<meta name=\"twitter:card\" content=\"summary_large_image\" \/>\n<meta name=\"twitter:label1\" content=\"Gesch\u00e4tzte Lesezeit\" \/>\n\t<meta name=\"twitter:data1\" content=\"9\u00a0Minuten\" \/>\n<script type=\"application\/ld+json\" class=\"yoast-schema-graph\">{\"@context\":\"https:\\\/\\\/schema.org\",\"@graph\":[{\"@type\":\"WebPage\",\"@id\":\"https:\\\/\\\/thebrowbar.ch\\\/de\\\/the-menu\\\/brow-lift\",\"url\":\"https:\\\/\\\/thebrowbar.ch\\\/de\\\/the-menu\\\/brow-lift\",\"name\":\"Brow Lift - The BROW Bar\",\"isPartOf\":{\"@id\":\"https:\\\/\\\/thebrowbar.ch\\\/de#website\"},\"datePublished\":\"2023-08-03T18:11:50+00:00\",\"dateModified\":\"2023-08-03T18:11:55+00:00\",\"breadcrumb\":{\"@id\":\"https:\\\/\\\/thebrowbar.ch\\\/de\\\/the-menu\\\/brow-lift#breadcrumb\"},\"inLanguage\":\"de\",\"potentialAction\":[{\"@type\":\"ReadAction\",\"target\":[\"https:\\\/\\\/thebrowbar.ch\\\/de\\\/the-menu\\\/brow-lift\"]}]},{\"@type\":\"BreadcrumbList\",\"@id\":\"https:\\\/\\\/thebrowbar.ch\\\/de\\\/the-menu\\\/brow-lift#breadcrumb\",\"itemListElement\":[{\"@type\":\"ListItem\",\"position\":1,\"name\":\"Accueil\",\"item\":\"https:\\\/\\\/thebrowbar.ch\\\/de\"},{\"@type\":\"ListItem\",\"position\":2,\"name\":\"The Menu\",\"item\":\"https:\\\/\\\/thebrowbar.ch\\\/de\\\/the-menu\"},{\"@type\":\"ListItem\",\"position\":3,\"name\":\"Brow Lift\"}]},{\"@type\":\"WebSite\",\"@id\":\"https:\\\/\\\/thebrowbar.ch\\\/de#website\",\"url\":\"https:\\\/\\\/thebrowbar.ch\\\/de\",\"name\":\"The BROW Bar\",\"description\":\"Structurez votre Regard\",\"potentialAction\":[{\"@type\":\"SearchAction\",\"target\":{\"@type\":\"EntryPoint\",\"urlTemplate\":\"https:\\\/\\\/thebrowbar.ch\\\/de?s={search_term_string}\"},\"query-input\":{\"@type\":\"PropertyValueSpecification\",\"valueRequired\":true,\"valueName\":\"search_term_string\"}}],\"inLanguage\":\"de\"}]}<\/script>\n<!-- \/ Yoast SEO plugin. -->","yoast_head_json":{"title":"Brow Lift - The BROW Bar","robots":{"index":"index","follow":"follow","max-snippet":"max-snippet:-1","max-image-preview":"max-image-preview:large","max-video-preview":"max-video-preview:-1"},"canonical":"https:\/\/thebrowbar.ch\/de\/the-menu\/brow-lift","og_locale":"de_DE","og_type":"article","og_title":"Brow Lift - The BROW Bar","og_description":"Was ist Brow Lift ? Der Name ist verwirrend. Brow...","og_url":"https:\/\/thebrowbar.ch\/de\/the-menu\/brow-lift","og_site_name":"The BROW Bar","article_modified_time":"2023-08-03T18:11:55+00:00","twitter_card":"summary_large_image","twitter_misc":{"Gesch\u00e4tzte Lesezeit":"9\u00a0Minuten"},"schema":{"@context":"https:\/\/schema.org","@graph":[{"@type":"WebPage","@id":"https:\/\/thebrowbar.ch\/de\/the-menu\/brow-lift","url":"https:\/\/thebrowbar.ch\/de\/the-menu\/brow-lift","name":"Brow Lift - The BROW Bar","isPartOf":{"@id":"https:\/\/thebrowbar.ch\/de#website"},"datePublished":"2023-08-03T18:11:50+00:00","dateModified":"2023-08-03T18:11:55+00:00","breadcrumb":{"@id":"https:\/\/thebrowbar.ch\/de\/the-menu\/brow-lift#breadcrumb"},"inLanguage":"de","potentialAction":[{"@type":"ReadAction","target":["https:\/\/thebrowbar.ch\/de\/the-menu\/brow-lift"]}]},{"@type":"BreadcrumbList","@id":"https:\/\/thebrowbar.ch\/de\/the-menu\/brow-lift#breadcrumb","itemListElement":[{"@type":"ListItem","position":1,"name":"Accueil","item":"https:\/\/thebrowbar.ch\/de"},{"@type":"ListItem","position":2,"name":"The Menu","item":"https:\/\/thebrowbar.ch\/de\/the-menu"},{"@type":"ListItem","position":3,"name":"Brow Lift"}]},{"@type":"WebSite","@id":"https:\/\/thebrowbar.ch\/de#website","url":"https:\/\/thebrowbar.ch\/de","name":"The BROW Bar","description":"Structurez votre Regard","potentialAction":[{"@type":"SearchAction","target":{"@type":"EntryPoint","urlTemplate":"https:\/\/thebrowbar.ch\/de?s={search_term_string}"},"query-input":{"@type":"PropertyValueSpecification","valueRequired":true,"valueName":"search_term_string"}}],"inLanguage":"de"}]}},"jetpack_sharing_enabled":true,"jetpack_shortlink":"https:\/\/wp.me\/P7TuRO-1Vp","jetpack-related-posts":[],"publishpress_future_workflow_manual_trigger":{"enabledWorkflows":[]},"_links":{"self":[{"href":"https:\/\/thebrowbar.ch\/de\/wp-json\/wp\/v2\/pages\/7403","targetHints":{"allow":["GET"]}}],"collection":[{"href":"https:\/\/thebrowbar.ch\/de\/wp-json\/wp\/v2\/pages"}],"about":[{"href":"https:\/\/thebrowbar.ch\/de\/wp-json\/wp\/v2\/types\/page"}],"author":[{"embeddable":true,"href":"https:\/\/thebrowbar.ch\/de\/wp-json\/wp\/v2\/users\/1"}],"replies":[{"embeddable":true,"href":"https:\/\/thebrowbar.ch\/de\/wp-json\/wp\/v2\/comments?post=7403"}],"version-history":[{"count":2,"href":"https:\/\/thebrowbar.ch\/de\/wp-json\/wp\/v2\/pages\/7403\/revisions"}],"predecessor-version":[{"id":7405,"href":"https:\/\/thebrowbar.ch\/de\/wp-json\/wp\/v2\/pages\/7403\/revisions\/7405"}],"up":[{"embeddable":true,"href":"https:\/\/thebrowbar.ch\/de\/wp-json\/wp\/v2\/pages\/7300"}],"wp:attachment":[{"href":"https:\/\/thebrowbar.ch\/de\/wp-json\/wp\/v2\/media?parent=7403"}],"curies":[{"name":"wp","href":"https:\/\/api.w.org\/{rel}","templated":true}]}}