{"id":7447,"date":"2023-08-05T14:28:33","date_gmt":"2023-08-05T12:28:33","guid":{"rendered":"https:\/\/thebrowbar.ch\/bewirb-dich-fuer-die-brow-bar"},"modified":"2023-08-05T14:52:27","modified_gmt":"2023-08-05T12:52:27","slug":"jobs","status":"publish","type":"page","link":"https:\/\/thebrowbar.ch\/de\/jobs","title":{"rendered":"Ein Job in der Brow Bar!"},"content":{"rendered":"<blockquote><p>Bist du eine Expertin f\u00fcr das Zupfen von Augenbrauen?<\/p>\n<p>Du arbeitest gerne in einer lustigen Atmosph\u00e4re in einem dynamischen Team?<\/p>\n<p>Dann ist dieser Job genau das Richtige f\u00fcr dich!<\/p><\/blockquote>\n<p>Du interessierst dich f\u00fcr kosmetische Dienstleistungen im Allgemeinen, hast gute Erfahrungen mit dem Strukturieren von Augenbrauen, dem F\u00e4rben von Wimpern und Augenbrauen, kannst gut mit Kunden umgehen und bist eine positive Person, dann werde Teil <strong>des Abenteuers The Brow Bar <\/strong>!<\/p>\n","protected":false},"excerpt":{"rendered":"<p>Bist du eine Expertin f\u00fcr das Zupfen von Augenbrauen? Du arbeitest gerne in einer lustigen Atmosph\u00e4re in einem dynamischen Team? Dann ist dieser Job genau das Richtige f\u00fcr dich! Du interessierst dich f\u00fcr kosmetische Dienstleistungen im Allgemeinen, hast gute Erfahrungen mit dem Strukturieren von Augenbrauen, dem F\u00e4rben von Wimpern und Augenbrauen, kannst gut mit Kunden &hellip; <a href=\"https:\/\/thebrowbar.ch\/de\/jobs\">Continued<\/a><\/p>\n","protected":false},"author":1,"featured_media":418,"parent":0,"menu_order":0,"comment_status":"closed","ping_status":"closed","template":"fw-template-jobs-index.php","meta":{"_acf_changed":false,"_et_pb_use_builder":"","_et_pb_old_content":"","_et_gb_content_width":"","jetpack_post_was_ever_published":false,"footnotes":""},"class_list":["post-7447","page","type-page","status-publish","has-post-thumbnail","hentry"],"acf":[],"yoast_head":"<!-- This site is optimized with the Yoast SEO plugin v27.5 - https:\/\/yoast.com\/product\/yoast-seo-wordpress\/ -->\n<title>Ein Job in der Brow Bar!<\/title>\n<meta name=\"description\" content=\"Interesse an \u00c4sthetik, Erfahrung in der Strukturierung von Augenbrauen, dem F\u00e4rben von Wimpern und Augenbrauen und guter Kundenkontakt\" \/>\n<meta name=\"robots\" content=\"index, follow, max-snippet:-1, max-image-preview:large, max-video-preview:-1\" \/>\n<link rel=\"canonical\" href=\"https:\/\/thebrowbar.ch\/de\/jobs\" \/>\n<meta property=\"og:locale\" content=\"de_DE\" \/>\n<meta property=\"og:type\" content=\"article\" \/>\n<meta property=\"og:title\" content=\"Ein Job in der Brow Bar!\" \/>\n<meta property=\"og:description\" content=\"Interesse an \u00c4sthetik, Erfahrung in der Strukturierung von Augenbrauen, dem F\u00e4rben von Wimpern und Augenbrauen und guter Kundenkontakt\" \/>\n<meta property=\"og:url\" content=\"https:\/\/thebrowbar.ch\/de\/jobs\" \/>\n<meta property=\"og:site_name\" content=\"The BROW Bar\" \/>\n<meta property=\"article:modified_time\" content=\"2023-08-05T12:52:27+00:00\" \/>\n<meta property=\"og:image\" content=\"https:\/\/i0.wp.com\/thebrowbar.ch\/wp-content\/uploads\/2016\/05\/brow-bar-lausanne-web-1500px-36.jpg?fit=1500%2C1000&ssl=1\" \/>\n\t<meta property=\"og:image:width\" content=\"1500\" \/>\n\t<meta property=\"og:image:height\" content=\"1000\" \/>\n\t<meta property=\"og:image:type\" content=\"image\/jpeg\" \/>\n<meta name=\"twitter:card\" content=\"summary_large_image\" \/>\n<script type=\"application\/ld+json\" class=\"yoast-schema-graph\">{\"@context\":\"https:\\\/\\\/schema.org\",\"@graph\":[{\"@type\":\"WebPage\",\"@id\":\"https:\\\/\\\/thebrowbar.ch\\\/de\\\/jobs\",\"url\":\"https:\\\/\\\/thebrowbar.ch\\\/de\\\/jobs\",\"name\":\"Ein Job in der Brow Bar!\",\"isPartOf\":{\"@id\":\"https:\\\/\\\/thebrowbar.ch\\\/de#website\"},\"primaryImageOfPage\":{\"@id\":\"https:\\\/\\\/thebrowbar.ch\\\/de\\\/jobs#primaryimage\"},\"image\":{\"@id\":\"https:\\\/\\\/thebrowbar.ch\\\/de\\\/jobs#primaryimage\"},\"thumbnailUrl\":\"https:\\\/\\\/i0.wp.com\\\/thebrowbar.ch\\\/wp-content\\\/uploads\\\/2016\\\/05\\\/brow-bar-lausanne-web-1500px-36.jpg?fit=1500%2C1000&ssl=1\",\"datePublished\":\"2023-08-05T12:28:33+00:00\",\"dateModified\":\"2023-08-05T12:52:27+00:00\",\"description\":\"Interesse an \u00c4sthetik, Erfahrung in der Strukturierung von Augenbrauen, dem F\u00e4rben von Wimpern und Augenbrauen und guter Kundenkontakt\",\"breadcrumb\":{\"@id\":\"https:\\\/\\\/thebrowbar.ch\\\/de\\\/jobs#breadcrumb\"},\"inLanguage\":\"de\",\"potentialAction\":[{\"@type\":\"ReadAction\",\"target\":[\"https:\\\/\\\/thebrowbar.ch\\\/de\\\/jobs\"]}]},{\"@type\":\"ImageObject\",\"inLanguage\":\"de\",\"@id\":\"https:\\\/\\\/thebrowbar.ch\\\/de\\\/jobs#primaryimage\",\"url\":\"https:\\\/\\\/i0.wp.com\\\/thebrowbar.ch\\\/wp-content\\\/uploads\\\/2016\\\/05\\\/brow-bar-lausanne-web-1500px-36.jpg?fit=1500%2C1000&ssl=1\",\"contentUrl\":\"https:\\\/\\\/i0.wp.com\\\/thebrowbar.ch\\\/wp-content\\\/uploads\\\/2016\\\/05\\\/brow-bar-lausanne-web-1500px-36.jpg?fit=1500%2C1000&ssl=1\",\"width\":1500,\"height\":1000},{\"@type\":\"BreadcrumbList\",\"@id\":\"https:\\\/\\\/thebrowbar.ch\\\/de\\\/jobs#breadcrumb\",\"itemListElement\":[{\"@type\":\"ListItem\",\"position\":1,\"name\":\"Accueil\",\"item\":\"https:\\\/\\\/thebrowbar.ch\\\/de\"},{\"@type\":\"ListItem\",\"position\":2,\"name\":\"Ein Job in der Brow Bar!\"}]},{\"@type\":\"WebSite\",\"@id\":\"https:\\\/\\\/thebrowbar.ch\\\/de#website\",\"url\":\"https:\\\/\\\/thebrowbar.ch\\\/de\",\"name\":\"The BROW Bar\",\"description\":\"Structurez votre Regard\",\"potentialAction\":[{\"@type\":\"SearchAction\",\"target\":{\"@type\":\"EntryPoint\",\"urlTemplate\":\"https:\\\/\\\/thebrowbar.ch\\\/de?s={search_term_string}\"},\"query-input\":{\"@type\":\"PropertyValueSpecification\",\"valueRequired\":true,\"valueName\":\"search_term_string\"}}],\"inLanguage\":\"de\"}]}<\/script>\n<!-- \/ Yoast SEO plugin. -->","yoast_head_json":{"title":"Ein Job in der Brow Bar!","description":"Interesse an \u00c4sthetik, Erfahrung in der Strukturierung von Augenbrauen, dem F\u00e4rben von Wimpern und Augenbrauen und guter Kundenkontakt","robots":{"index":"index","follow":"follow","max-snippet":"max-snippet:-1","max-image-preview":"max-image-preview:large","max-video-preview":"max-video-preview:-1"},"canonical":"https:\/\/thebrowbar.ch\/de\/jobs","og_locale":"de_DE","og_type":"article","og_title":"Ein Job in der Brow Bar!","og_description":"Interesse an \u00c4sthetik, Erfahrung in der Strukturierung von Augenbrauen, dem F\u00e4rben von Wimpern und Augenbrauen und guter Kundenkontakt","og_url":"https:\/\/thebrowbar.ch\/de\/jobs","og_site_name":"The BROW Bar","article_modified_time":"2023-08-05T12:52:27+00:00","og_image":[{"width":1500,"height":1000,"url":"https:\/\/i0.wp.com\/thebrowbar.ch\/wp-content\/uploads\/2016\/05\/brow-bar-lausanne-web-1500px-36.jpg?fit=1500%2C1000&ssl=1","type":"image\/jpeg"}],"twitter_card":"summary_large_image","schema":{"@context":"https:\/\/schema.org","@graph":[{"@type":"WebPage","@id":"https:\/\/thebrowbar.ch\/de\/jobs","url":"https:\/\/thebrowbar.ch\/de\/jobs","name":"Ein Job in der Brow Bar!","isPartOf":{"@id":"https:\/\/thebrowbar.ch\/de#website"},"primaryImageOfPage":{"@id":"https:\/\/thebrowbar.ch\/de\/jobs#primaryimage"},"image":{"@id":"https:\/\/thebrowbar.ch\/de\/jobs#primaryimage"},"thumbnailUrl":"https:\/\/i0.wp.com\/thebrowbar.ch\/wp-content\/uploads\/2016\/05\/brow-bar-lausanne-web-1500px-36.jpg?fit=1500%2C1000&ssl=1","datePublished":"2023-08-05T12:28:33+00:00","dateModified":"2023-08-05T12:52:27+00:00","description":"Interesse an \u00c4sthetik, Erfahrung in der Strukturierung von Augenbrauen, dem F\u00e4rben von Wimpern und Augenbrauen und guter Kundenkontakt","breadcrumb":{"@id":"https:\/\/thebrowbar.ch\/de\/jobs#breadcrumb"},"inLanguage":"de","potentialAction":[{"@type":"ReadAction","target":["https:\/\/thebrowbar.ch\/de\/jobs"]}]},{"@type":"ImageObject","inLanguage":"de","@id":"https:\/\/thebrowbar.ch\/de\/jobs#primaryimage","url":"https:\/\/i0.wp.com\/thebrowbar.ch\/wp-content\/uploads\/2016\/05\/brow-bar-lausanne-web-1500px-36.jpg?fit=1500%2C1000&ssl=1","contentUrl":"https:\/\/i0.wp.com\/thebrowbar.ch\/wp-content\/uploads\/2016\/05\/brow-bar-lausanne-web-1500px-36.jpg?fit=1500%2C1000&ssl=1","width":1500,"height":1000},{"@type":"BreadcrumbList","@id":"https:\/\/thebrowbar.ch\/de\/jobs#breadcrumb","itemListElement":[{"@type":"ListItem","position":1,"name":"Accueil","item":"https:\/\/thebrowbar.ch\/de"},{"@type":"ListItem","position":2,"name":"Ein Job in der Brow Bar!"}]},{"@type":"WebSite","@id":"https:\/\/thebrowbar.ch\/de#website","url":"https:\/\/thebrowbar.ch\/de","name":"The BROW Bar","description":"Structurez votre Regard","potentialAction":[{"@type":"SearchAction","target":{"@type":"EntryPoint","urlTemplate":"https:\/\/thebrowbar.ch\/de?s={search_term_string}"},"query-input":{"@type":"PropertyValueSpecification","valueRequired":true,"valueName":"search_term_string"}}],"inLanguage":"de"}]}},"jetpack_sharing_enabled":true,"jetpack_shortlink":"https:\/\/wp.me\/P7TuRO-1W7","jetpack-related-posts":[],"publishpress_future_workflow_manual_trigger":{"enabledWorkflows":[]},"_links":{"self":[{"href":"https:\/\/thebrowbar.ch\/de\/wp-json\/wp\/v2\/pages\/7447","targetHints":{"allow":["GET"]}}],"collection":[{"href":"https:\/\/thebrowbar.ch\/de\/wp-json\/wp\/v2\/pages"}],"about":[{"href":"https:\/\/thebrowbar.ch\/de\/wp-json\/wp\/v2\/types\/page"}],"author":[{"embeddable":true,"href":"https:\/\/thebrowbar.ch\/de\/wp-json\/wp\/v2\/users\/1"}],"replies":[{"embeddable":true,"href":"https:\/\/thebrowbar.ch\/de\/wp-json\/wp\/v2\/comments?post=7447"}],"version-history":[{"count":1,"href":"https:\/\/thebrowbar.ch\/de\/wp-json\/wp\/v2\/pages\/7447\/revisions"}],"predecessor-version":[{"id":7450,"href":"https:\/\/thebrowbar.ch\/de\/wp-json\/wp\/v2\/pages\/7447\/revisions\/7450"}],"wp:featuredmedia":[{"embeddable":true,"href":"https:\/\/thebrowbar.ch\/de\/wp-json\/wp\/v2\/media\/418"}],"wp:attachment":[{"href":"https:\/\/thebrowbar.ch\/de\/wp-json\/wp\/v2\/media?parent=7447"}],"curies":[{"name":"wp","href":"https:\/\/api.w.org\/{rel}","templated":true}]}}