{"id":7451,"date":"2023-08-05T14:56:53","date_gmt":"2023-08-05T12:56:53","guid":{"rendered":"https:\/\/thebrowbar.ch\/wer-sind-wir"},"modified":"2023-08-05T14:56:53","modified_gmt":"2023-08-05T12:56:53","slug":"wer-sind-wir","status":"publish","type":"page","link":"https:\/\/thebrowbar.ch\/de\/wer-sind-wir","title":{"rendered":"Wer sind wir?"},"content":{"rendered":"<p><strong>The BrowBar<\/strong> ist eine eingetragene Marke mit einem einzigartigen und neuen Konzept, das Dienstleistungen f\u00fcr Augenbrauen und Wimpern in Form eines Men\u00fcs anbietet, das wie eine Karte gestaltet ist. <strong>The BrowBar<\/strong> ist in erster Linie ein geselliger Ort, an dem Frauen und M\u00e4nner (Special Services f\u00fcr M\u00e4nner) sich entspannen und pflegen lassen.<\/p>\n<p>Dieses urbane und zeitgem\u00e4\u00dfe Konzept einer &#8222;Augenbrauenbar&#8220; erm\u00f6glicht es seinen Kunden, mit oder ohne Termin zu kommen, und bietet eine Reihe von Behandlungen an, die Restrukturierung mit Zupfen und\/oder Faden, F\u00e4rben f\u00fcr Ihre Augenbrauen, aber auch f\u00fcr das Gesicht, f\u00fcr Frauen und M\u00e4nner kombinieren.<\/p>\n<p><strong>Sie kommen mit einem sublimierten Gesicht und Blick wieder heraus!<\/strong><\/p>\n<p>The BrowBar geh\u00f6rt dem Unternehmen <strong>The Nail Company SA<\/strong>, das auch die Marke <a href=\"http:\/\/www.thenailbar.ch\" target=\"_blank\" rel=\"noopener\">The NailBar<\/a> besitzt.<\/p>\n","protected":false},"excerpt":{"rendered":"<p>The BrowBar ist eine eingetragene Marke mit einem einzigartigen und neuen Konzept, das Dienstleistungen f\u00fcr Augenbrauen und Wimpern in Form eines Men\u00fcs anbietet, das wie eine Karte gestaltet ist. The BrowBar ist in erster Linie ein geselliger Ort, an dem Frauen und M\u00e4nner (Special Services f\u00fcr M\u00e4nner) sich entspannen und pflegen lassen. Dieses urbane und &hellip; <a href=\"https:\/\/thebrowbar.ch\/de\/wer-sind-wir\">Continued<\/a><\/p>\n","protected":false},"author":1,"featured_media":0,"parent":0,"menu_order":0,"comment_status":"closed","ping_status":"closed","template":"","meta":{"_acf_changed":false,"_et_pb_use_builder":"","_et_pb_old_content":"","_et_gb_content_width":"","footnotes":""},"class_list":["post-7451","page","type-page","status-publish","hentry"],"acf":[],"yoast_head":"<!-- This site is optimized with the Yoast SEO plugin v27.6 - https:\/\/yoast.com\/product\/yoast-seo-wordpress\/ -->\n<title>Wer sind wir? - The BROW Bar<\/title>\n<meta name=\"robots\" content=\"index, follow, max-snippet:-1, max-image-preview:large, max-video-preview:-1\" \/>\n<link rel=\"canonical\" href=\"https:\/\/thebrowbar.ch\/de\/wer-sind-wir\" \/>\n<meta property=\"og:locale\" content=\"de_DE\" \/>\n<meta property=\"og:type\" content=\"article\" \/>\n<meta property=\"og:title\" content=\"Wer sind wir? - The BROW Bar\" \/>\n<meta property=\"og:description\" content=\"The BrowBar ist eine eingetragene Marke mit einem einzigartigen und neuen Konzept, das Dienstleistungen f\u00fcr Augenbrauen und Wimpern in Form eines Men\u00fcs anbietet, das wie eine Karte gestaltet ist. The BrowBar ist in erster Linie ein geselliger Ort, an dem Frauen und M\u00e4nner (Special Services f\u00fcr M\u00e4nner) sich entspannen und pflegen lassen. Dieses urbane und &hellip; Continued\" \/>\n<meta property=\"og:url\" content=\"https:\/\/thebrowbar.ch\/de\/wer-sind-wir\" \/>\n<meta property=\"og:site_name\" content=\"The BROW Bar\" \/>\n<meta name=\"twitter:card\" content=\"summary_large_image\" \/>\n<meta name=\"twitter:label1\" content=\"Gesch\u00e4tzte Lesezeit\" \/>\n\t<meta name=\"twitter:data1\" content=\"1\u00a0Minute\" \/>\n<script type=\"application\/ld+json\" class=\"yoast-schema-graph\">{\"@context\":\"https:\\\/\\\/schema.org\",\"@graph\":[{\"@type\":\"WebPage\",\"@id\":\"https:\\\/\\\/thebrowbar.ch\\\/de\\\/wer-sind-wir\",\"url\":\"https:\\\/\\\/thebrowbar.ch\\\/de\\\/wer-sind-wir\",\"name\":\"Wer sind wir? - The BROW Bar\",\"isPartOf\":{\"@id\":\"https:\\\/\\\/thebrowbar.ch\\\/de#website\"},\"datePublished\":\"2023-08-05T12:56:53+00:00\",\"breadcrumb\":{\"@id\":\"https:\\\/\\\/thebrowbar.ch\\\/de\\\/wer-sind-wir#breadcrumb\"},\"inLanguage\":\"de\",\"potentialAction\":[{\"@type\":\"ReadAction\",\"target\":[\"https:\\\/\\\/thebrowbar.ch\\\/de\\\/wer-sind-wir\"]}]},{\"@type\":\"BreadcrumbList\",\"@id\":\"https:\\\/\\\/thebrowbar.ch\\\/de\\\/wer-sind-wir#breadcrumb\",\"itemListElement\":[{\"@type\":\"ListItem\",\"position\":1,\"name\":\"Accueil\",\"item\":\"https:\\\/\\\/thebrowbar.ch\\\/de\"},{\"@type\":\"ListItem\",\"position\":2,\"name\":\"Wer sind wir?\"}]},{\"@type\":\"WebSite\",\"@id\":\"https:\\\/\\\/thebrowbar.ch\\\/de#website\",\"url\":\"https:\\\/\\\/thebrowbar.ch\\\/de\",\"name\":\"The BROW Bar\",\"description\":\"Structurez votre Regard\",\"potentialAction\":[{\"@type\":\"SearchAction\",\"target\":{\"@type\":\"EntryPoint\",\"urlTemplate\":\"https:\\\/\\\/thebrowbar.ch\\\/de?s={search_term_string}\"},\"query-input\":{\"@type\":\"PropertyValueSpecification\",\"valueRequired\":true,\"valueName\":\"search_term_string\"}}],\"inLanguage\":\"de\"}]}<\/script>\n<!-- \/ Yoast SEO plugin. -->","yoast_head_json":{"title":"Wer sind wir? - The BROW Bar","robots":{"index":"index","follow":"follow","max-snippet":"max-snippet:-1","max-image-preview":"max-image-preview:large","max-video-preview":"max-video-preview:-1"},"canonical":"https:\/\/thebrowbar.ch\/de\/wer-sind-wir","og_locale":"de_DE","og_type":"article","og_title":"Wer sind wir? - The BROW Bar","og_description":"The BrowBar ist eine eingetragene Marke mit einem einzigartigen und neuen Konzept, das Dienstleistungen f\u00fcr Augenbrauen und Wimpern in Form eines Men\u00fcs anbietet, das wie eine Karte gestaltet ist. The BrowBar ist in erster Linie ein geselliger Ort, an dem Frauen und M\u00e4nner (Special Services f\u00fcr M\u00e4nner) sich entspannen und pflegen lassen. Dieses urbane und &hellip; Continued","og_url":"https:\/\/thebrowbar.ch\/de\/wer-sind-wir","og_site_name":"The BROW Bar","twitter_card":"summary_large_image","twitter_misc":{"Gesch\u00e4tzte Lesezeit":"1\u00a0Minute"},"schema":{"@context":"https:\/\/schema.org","@graph":[{"@type":"WebPage","@id":"https:\/\/thebrowbar.ch\/de\/wer-sind-wir","url":"https:\/\/thebrowbar.ch\/de\/wer-sind-wir","name":"Wer sind wir? - The BROW Bar","isPartOf":{"@id":"https:\/\/thebrowbar.ch\/de#website"},"datePublished":"2023-08-05T12:56:53+00:00","breadcrumb":{"@id":"https:\/\/thebrowbar.ch\/de\/wer-sind-wir#breadcrumb"},"inLanguage":"de","potentialAction":[{"@type":"ReadAction","target":["https:\/\/thebrowbar.ch\/de\/wer-sind-wir"]}]},{"@type":"BreadcrumbList","@id":"https:\/\/thebrowbar.ch\/de\/wer-sind-wir#breadcrumb","itemListElement":[{"@type":"ListItem","position":1,"name":"Accueil","item":"https:\/\/thebrowbar.ch\/de"},{"@type":"ListItem","position":2,"name":"Wer sind wir?"}]},{"@type":"WebSite","@id":"https:\/\/thebrowbar.ch\/de#website","url":"https:\/\/thebrowbar.ch\/de","name":"The BROW Bar","description":"Structurez votre Regard","potentialAction":[{"@type":"SearchAction","target":{"@type":"EntryPoint","urlTemplate":"https:\/\/thebrowbar.ch\/de?s={search_term_string}"},"query-input":{"@type":"PropertyValueSpecification","valueRequired":true,"valueName":"search_term_string"}}],"inLanguage":"de"}]}},"jetpack_sharing_enabled":true,"jetpack_shortlink":"https:\/\/wp.me\/P7TuRO-1Wb","jetpack-related-posts":[],"publishpress_future_workflow_manual_trigger":{"enabledWorkflows":[]},"_links":{"self":[{"href":"https:\/\/thebrowbar.ch\/de\/wp-json\/wp\/v2\/pages\/7451","targetHints":{"allow":["GET"]}}],"collection":[{"href":"https:\/\/thebrowbar.ch\/de\/wp-json\/wp\/v2\/pages"}],"about":[{"href":"https:\/\/thebrowbar.ch\/de\/wp-json\/wp\/v2\/types\/page"}],"author":[{"embeddable":true,"href":"https:\/\/thebrowbar.ch\/de\/wp-json\/wp\/v2\/users\/1"}],"replies":[{"embeddable":true,"href":"https:\/\/thebrowbar.ch\/de\/wp-json\/wp\/v2\/comments?post=7451"}],"version-history":[{"count":0,"href":"https:\/\/thebrowbar.ch\/de\/wp-json\/wp\/v2\/pages\/7451\/revisions"}],"wp:attachment":[{"href":"https:\/\/thebrowbar.ch\/de\/wp-json\/wp\/v2\/media?parent=7451"}],"curies":[{"name":"wp","href":"https:\/\/api.w.org\/{rel}","templated":true}]}}